

{"id":141,"date":"2025-05-13T11:32:15","date_gmt":"2025-05-13T11:32:15","guid":{"rendered":"https:\/\/tubatidora.com\/?page_id=141"},"modified":"2025-07-28T09:50:32","modified_gmt":"2025-07-28T09:50:32","slug":"politica-de-cookies","status":"publish","type":"page","link":"https:\/\/tubatidora.com\/index.php\/politica-de-cookies\/","title":{"rendered":"Pol\u00edtica de Cookies"},"content":{"rendered":"<div style=\"max-width: 1000px; color: white; margin: 0 auto; padding: 90px 20px;\">\n<h1 style=\"padding-bottom: 25px;\">POL\u00cdTICA DE COOKIES<\/h1>\n<p>&nbsp;<\/p>\n<h2 style=\"padding: 25px 0 25px 0;\">INFORMACI\u00d3N SOBRE COOKIES<\/h2>\n<p>&nbsp;<\/p>\n<p>Conforme con la Ley 34\/2002, de 11 de julio, de servicios de la sociedad de la informaci\u00f3n y de comercio electr\u00f3nico (LSSI), en relaci\u00f3n con el Reglamento (UE) 2016\/679 del Parlamento Europeo y del Consejo, de 27 de abril de 2016, General de Protecci\u00f3n de Datos (GDPR) y la Ley Org\u00e1nica 3\/2018, de 5 de diciembre, de Protecci\u00f3n de Datos y Garant\u00eda de los Derechos Digitales (LOPDGDD), es obligado obtener el consentimiento expreso del usuario de todas las p\u00e1ginas web que usan cookies prescindibles, antes de que este navegue por ellas.<\/p>\n<p>&nbsp;<\/p>\n<h2 style=\"padding: 25px 0 25px 0;\">\u00bfQU\u00c9 SON LAS COOKIES?<\/h2>\n<p>&nbsp;<\/p>\n<p>Las cookies y otras tecnolog\u00edas similares tales como local shared objects, flash cookies o p\u00edxeles, son herramientas empleadas por los servidores Web para almacenar y recuperar informaci\u00f3n acerca de sus visitantes, as\u00ed como para ofrecer un correcto funcionamiento del sitio.<\/p>\n<p>Mediante el uso de estos dispositivos se permite al servidor Web recordar algunos datos concernientes al usuario, como sus preferencias para la visualizaci\u00f3n de las p\u00e1ginas de ese servidor, nombre y contrase\u00f1a, productos que m\u00e1s le interesan, etc.<\/p>\n<p>&nbsp;<\/p>\n<h2 style=\"padding: 25px 0 25px 0;\">COOKIES AFECTADAS POR LA NORMATIVA Y COOKIES EXCEPTUADAS<\/h2>\n<p>&nbsp;<\/p>\n<p>Seg\u00fan la directiva de la UE, las cookies que requieren el consentimiento informado por parte del usuario son las cookies de anal\u00edtica y las de publicidad y afiliaci\u00f3n, quedando exceptuadas las de car\u00e1cter t\u00e9cnico y las necesarias para el funcionamiento del sitio web o la prestaci\u00f3n de servicios expresamente solicitados por el usuario.<\/p>\n<p>&nbsp;<\/p>\n<h2 style=\"padding: 25px 0 25px 0;\">TIPOS DE COOKIES<\/h2>\n<p>&nbsp;<\/p>\n<h3 style=\"padding: 25px 0 25px 0;\">SEG\u00daN LA FINALIDAD<\/h3>\n<p>&nbsp;<\/p>\n<ul>\n<li><strong>Cookies t\u00e9cnicas y funcionales:<\/strong> son aquellas que permiten al usuario la navegaci\u00f3n a trav\u00e9s de una<br \/>\np\u00e1gina web, plataforma o aplicaci\u00f3n y la utilizaci\u00f3n de las diferentes opciones o servicios que en ella<br \/>\nexistan.<\/li>\n<li><strong>Cookies anal\u00edticas:<\/strong> son aquellas que permiten al responsable de las mismas el seguimiento y an\u00e1lisis<br \/>\ndel comportamiento de los usuarios de los sitios web a los que est\u00e1n vinculadas. La informaci\u00f3n<br \/>\nrecogida mediante este tipo de cookies se utiliza en la medici\u00f3n de la actividad de los sitios web,<br \/>\naplicaci\u00f3n o plataforma y para la elaboraci\u00f3n de perfiles de navegaci\u00f3n de los usuarios de dichos sitios,<br \/>\naplicaciones y plataformas, con el fin de introducir mejoras en funci\u00f3n del an\u00e1lisis de los datos de uso<br \/>\nque hacen los usuarios del servicio.<\/li>\n<li><strong>Cookies publicitarias:<\/strong> son aquellas que permiten la gesti\u00f3n, de la forma m\u00e1s eficaz posible, de los<br \/>\nespacios publicitarios que, en su caso, el editor haya incluido en una p\u00e1gina web, aplicaci\u00f3n o<br \/>\nplataforma desde la que presta el servicio solicitado en base a criterios como el contenido editado o la<br \/>\nfrecuencia en la que se muestran los anuncios.<\/li>\n<li><strong>Cookies de publicidad comportamental:<\/strong> recogen informaci\u00f3n sobre las preferencias y elecciones<br \/>\npersonales del usuario (retargeting) para permitir la gesti\u00f3n, de la forma m\u00e1s eficaz posible, de los<br \/>\nespacios publicitarios que, en su caso, el editor haya incluido en una p\u00e1gina web, aplicaci\u00f3n o<br \/>\nplataforma desde la que presta el servicio solicitado.<\/li>\n<li><strong>Cookies sociales:<\/strong> son establecidas por las plataformas de redes sociales en los servicios para<br \/>\npermitirle compartir contenido con sus amigos y redes. Las plataformas de medios sociales tienen la capacidad de rastrear su actividad en l\u00ednea fuera de los Servicios. Esto puede afectar al contenido y los<br \/>\nmensajes que ve en otros servicios que visita.<\/li>\n<li><strong>Cookies de afiliados:<\/strong> permiten hacer un seguimiento de las visitas procedentes de otras webs, con las<br \/>\nque el sitio web establece un contrato de afiliaci\u00f3n (empresas de afiliaci\u00f3n).<\/li>\n<li><strong>Cookies de seguridad:<\/strong> almacenan informaci\u00f3n cifrada para evitar que los datos guardados en ellas<br \/>\nsean vulnerables a ataques maliciosos de terceros.<\/li>\n<\/ul>\n<p>&nbsp;<\/p>\n<h3 style=\"padding: 25px 0 25px 0;\">SEG\u00daN LA PROPIEDAD<\/h3>\n<p>&nbsp;<\/p>\n<ul>\n<li><strong>Cookies propias:<\/strong> son aquellas que se env\u00edan al equipo terminal del usuario desde un equipo o dominio<br \/>\ngestionado por el propio editor y desde el que se presta el servicio solicitado por el usuario.<\/li>\n<li><strong>Cookies de terceros:<\/strong> son un tipo de cookies en el que los datos siguen almacenados en el terminal y<br \/>\npueden ser accedidos y tratados durante un per\u00edodo definido por el responsable de la cookie, y que<br \/>\npuede ir de unos minutos a varios a\u00f1os.<\/li>\n<\/ul>\n<p>&nbsp;<\/p>\n<h3 style=\"padding: 25px 0 25px 0;\">SEG\u00daN EL PLAZO DE CONSERVACI\u00d3N<\/h3>\n<p>&nbsp;<\/p>\n<ul>\n<li><strong>Cookies de sesi\u00f3n:<\/strong> son un tipo de cookies dise\u00f1adas para recabar y almacenar datos mientras el<br \/>\nusuario accede a una p\u00e1gina web.<\/li>\n<li><strong>Cookies persistentes:<\/strong> son un tipo de cookies en el que los datos siguen almacenados en el terminal y<br \/>\npueden ser accedidos y tratados durante un per\u00edodo definido por el responsable de la cookie, y que<br \/>\npuede ir de unos minutos a varios a\u00f1os.<\/li>\n<\/ul>\n<p>&nbsp;<\/p>\n<h2 style=\"padding: 25px 0 25px 0;\">TRATAMIENTO DE DATOS PERSONALES<\/h2>\n<p>&nbsp;<\/p>\n<p style=\"padding: 25px 0 25px 0;\">GRUPO ANGEL CAMACHO, S.L. es el Responsable del tratamiento de los datos personales del Interesado<br \/>\ny le informa de que estos datos ser\u00e1n tratados de conformidad con lo dispuesto en el Reglamento (UE)<br \/>\n2016\/679, de 27 de abril de 2016 (GDPR), por lo que se le facilita la siguiente informaci\u00f3n del tratamiento:<\/p>\n<p><strong>Responsable:<\/strong> GRUPO ANGEL CAMACHO, S.L.<\/p>\n<p><strong>Fines:<\/strong> seg\u00fan lo indicado en el apartado de cookies utilizadas.<\/p>\n<p><strong>Legitimaci\u00f3n del tratamiento:<\/strong> salvo en los casos en los que resulte necesario para la navegaci\u00f3n por la web,<br \/>\npor consentimiento del interesado (art. 6.1.a GDPR).<\/p>\n<p><strong>Criterios de conservaci\u00f3n de los datos:<\/strong> seg\u00fan se especifica en el apartado de cookies utilizadas en la web.<\/p>\n<p><strong>Comunicaci\u00f3n de los datos:<\/strong> no se comunicar\u00e1n los datos a terceros, excepto en cookies propiedad de<br \/>\nterceros o por obligaci\u00f3n legal.<\/p>\n<p style=\"padding: 25px 0 25px 0;\"><strong>Derechos que asisten al interesado:<\/strong><\/p>\n<ul>\n<li> &#8211; Derecho a retirar el consentimiento en cualquier momento.<\/li>\n<li> &#8211; Derecho de acceso, rectificaci\u00f3n, portabilidad y supresi\u00f3n de sus datos, y de limitaci\u00f3n u oposici\u00f3n a su<br \/>\ntratamiento.<\/li>\n<li> &#8211; Derecho a presentar una reclamaci\u00f3n ante la Autoridad de control (www.aepd.es) si considera que el<br \/>\ntratamiento no se ajusta a la normativa vigente.<\/li>\n<\/ul>\n<p>&nbsp;<\/p>\n<h2 style=\"padding: 25px 0 25px 0;\">COOKIES UTILIZADAS EN ESTE SITIO WEB<\/h2>\n<p>&nbsp;<\/p>\n<h3 style=\"padding: 25px 0 25px 0;\">Cookies controladas por el editor<\/h3>\n<p>&nbsp;<\/p>\n<table class=\"styled-cookie-table\" border=\"1\" cellspacing=\"0\" cellpadding=\"8\">\n<thead>\n<tr>\n<th>Propiedad<\/th>\n<th>Cookie<\/th>\n<th>Finalidad<\/th>\n<th>Plazo<\/th>\n<\/tr>\n<\/thead>\n<tbody>\n<tr>\n<td>tubatidora.com<\/td>\n<td>_ga_PTNM1X2CG0<\/td>\n<td>Cookie necesaria para la utilizaci\u00f3n de las opciones y servicios del sitio web<\/td>\n<td>1 a\u00f1o<\/td>\n<\/tr>\n<tr>\n<td>tubatidora.com<\/td>\n<td>moove_gdpr_popup<\/td>\n<td>Cookie necesaria para la utilizaci\u00f3n de las opciones y servicios del sitio web<\/td>\n<td>1 a\u00f1o<\/td>\n<\/tr>\n<\/tbody>\n<\/table>\n<p>&nbsp;<\/p>\n<h3 style=\"padding: 25px 0 25px 0;\">Anal\u00edticas<\/h3>\n<p>&nbsp;<\/p>\n<table class=\"styled-cookie-table\" border=\"1\" cellspacing=\"0\" cellpadding=\"8\">\n<thead>\n<tr>\n<th>Propiedad<\/th>\n<th>Cookie<\/th>\n<th>Finalidad<\/th>\n<th>Plazo<\/th>\n<\/tr>\n<\/thead>\n<tbody>\n<tr>\n<td>Google Analytics<\/td>\n<td>_ga<\/td>\n<td>ID utilizado para identificar a los usuarios<\/td>\n<td>1 a\u00f1o<\/td>\n<\/tr>\n<\/tbody>\n<\/table>\n<p>&nbsp;<\/p>\n<h2 style=\"padding: 25px 0 25px 0;\">COOKIES DE TERCEROS<\/h2>\n<p>&nbsp;<\/p>\n<p>Los servicios de terceros son ajenos al control del editor. Los proveedores pueden modificar sus condiciones en cualquier momento.<\/p>\n<p><strong>Proveedores externos de este sitio web:<\/strong><\/p>\n<p>&nbsp;<\/p>\n<ul>\n<li>Google Analytics: <a href=\"https:\/\/privacy.google.com\/take-control.html\" target=\"_blank\" rel=\"noopener\">https:\/\/privacy.google.com\/take-control.html<\/a><\/li>\n<\/ul>\n<p>&nbsp;<\/p>\n<h2 style=\"padding: 25px 0 25px 0;\">PANEL DE CONFIGURACI\u00d3N DE COOKIES<\/h2>\n<p>&nbsp;<\/p>\n<p>Desde este panel podr\u00e1 configurar las cookies instalables en su navegador, excepto las t\u00e9cnicas o funcionales necesarias para la navegaci\u00f3n.<\/p>\n<p>&nbsp;<\/p>\n<h2 style=\"padding: 25px 0 25px 0;\">C\u00d3MO GESTIONAR LAS COOKIES DESDE EL NAVEGADOR<\/h2>\n<p>&nbsp;<\/p>\n<ul>\n<li><strong>Eliminar las cookies del dispositivo:<\/strong> Las cookies que ya est\u00e1n en un dispositivo se pueden eliminar borrando el historial del<br \/>\nnavegador, con lo que se suprimen las cookies de todos los sitios web visitados.<br \/>\nSin embargo, tambi\u00e9n se puede perder parte de la informaci\u00f3n guardada (por ejemplo,<br \/>\nlos datos de inicio de sesi\u00f3n o las preferencias de sitio web).<\/li>\n<li><strong>Gestionar cookies espec\u00edficas del sitio:<\/strong> Para tener un control m\u00e1s preciso de las cookies espec\u00edficas de cada sitio, los usuarios<br \/>\npueden ajustar su configuraci\u00f3n de privacidad y cookies en el navegador.<\/li>\n<li><strong>Bloquear las cookies:<\/strong> Aunque la mayor\u00eda de los navegadores modernos se pueden configurar para evitar que<br \/>\nse instalen cookies en los dispositivos, eso puede obligar al ajuste manual de<br \/>\ndeterminadas preferencias cada vez que se visite un sitio o p\u00e1gina. Adem\u00e1s, algunos<br \/>\nservicios y caracter\u00edsticas pueden no funcionar correctamente (por ejemplo, los inicios de<br \/>\nsesi\u00f3n con perfil).<\/li>\n<\/ul>\n<p>&nbsp;<\/p>\n<h2 style=\"padding: 25px 0 25px 0;\">C\u00d3MO ELIMINAR LAS COOKIES DE LOS NAVEGADORES M\u00c1S COMUNES<\/h2>\n<p>&nbsp;<\/p>\n<ul>\n<li><a href=\"http:\/\/support.google.com\/chrome\/answer\/95647?hl=es\" target=\"_blank\" rel=\"noopener\">Google Chrome<\/a><\/li>\n<li><a href=\"https:\/\/support.microsoft.com\/es-es\/microsoft-edge\/eliminar-las-cookies-en-microsoft-edge-63947406-40ac-c3b8-57b9-2a946a29ae09\" target=\"_blank\" rel=\"noopener\">Microsoft Edge<\/a><\/li>\n<li><a href=\"https:\/\/support.microsoft.com\/es-es\/help\/278835\/how-to-delete-cookie-files-in-internet-explorer\" target=\"_blank\" rel=\"noopener\">Internet Explorer<\/a><\/li>\n<li><a href=\"https:\/\/www.mozilla.org\/es-ES\/privacy\/websites\/#cookies\" target=\"_blank\" rel=\"noopener\">Mozilla Firefox<\/a><\/li>\n<li><a href=\"https:\/\/support.apple.com\/es-es\/guide\/safari\/sfri11471\/mac\" target=\"_blank\" rel=\"noopener\">Safari<\/a><\/li>\n<li><a href=\"https:\/\/help.opera.com\/en\/latest\/security-and-privacy\/#clearBrowsingData\" target=\"_blank\" rel=\"noopener\">Opera<\/a><\/li>\n<\/ul>\n<\/div>\n","protected":false},"excerpt":{"rendered":"<p>POL\u00cdTICA DE COOKIES &nbsp; INFORMACI\u00d3N SOBRE COOKIES &nbsp; Conforme con la Ley 34\/2002, de 11 de julio, de servicios de la sociedad de la informaci\u00f3n y de comercio electr\u00f3nico (LSSI), en relaci\u00f3n con el Reglamento (UE) 2016\/679 del Parlamento Europeo y del Consejo, de 27 de abril de 2016, General de Protecci\u00f3n de Datos (GDPR) [&hellip;]<\/p>\n","protected":false},"author":4,"featured_media":0,"parent":0,"menu_order":0,"comment_status":"closed","ping_status":"closed","template":"","meta":{"_acf_changed":false,"inline_featured_image":false,"footnotes":""},"class_list":["post-141","page","type-page","status-publish","hentry"],"acf":[],"_links":{"self":[{"href":"https:\/\/tubatidora.com\/index.php\/wp-json\/wp\/v2\/pages\/141","targetHints":{"allow":["GET"]}}],"collection":[{"href":"https:\/\/tubatidora.com\/index.php\/wp-json\/wp\/v2\/pages"}],"about":[{"href":"https:\/\/tubatidora.com\/index.php\/wp-json\/wp\/v2\/types\/page"}],"author":[{"embeddable":true,"href":"https:\/\/tubatidora.com\/index.php\/wp-json\/wp\/v2\/users\/4"}],"replies":[{"embeddable":true,"href":"https:\/\/tubatidora.com\/index.php\/wp-json\/wp\/v2\/comments?post=141"}],"version-history":[{"count":31,"href":"https:\/\/tubatidora.com\/index.php\/wp-json\/wp\/v2\/pages\/141\/revisions"}],"predecessor-version":[{"id":205,"href":"https:\/\/tubatidora.com\/index.php\/wp-json\/wp\/v2\/pages\/141\/revisions\/205"}],"wp:attachment":[{"href":"https:\/\/tubatidora.com\/index.php\/wp-json\/wp\/v2\/media?parent=141"}],"curies":[{"name":"wp","href":"https:\/\/api.w.org\/{rel}","templated":true}]}}