

{"id":126,"date":"2025-05-13T11:17:43","date_gmt":"2025-05-13T11:17:43","guid":{"rendered":"https:\/\/tubatidora.com\/?page_id=126"},"modified":"2025-05-14T07:55:59","modified_gmt":"2025-05-14T07:55:59","slug":"politica-de-privacidad","status":"publish","type":"page","link":"https:\/\/tubatidora.com\/index.php\/politica-de-privacidad\/","title":{"rendered":"Pol\u00edtica de privacidad"},"content":{"rendered":"<p>&nbsp;<\/p>\n<div class=\"entry-content\" style=\"max-width: 1000px; color: white; margin: 0 auto; padding: 90px 20px;\">\n<h1 class=\"entry-title main_title\">Pol\u00edtica de privacidad<\/h1>\n<p><strong>ALCANCE DE LA POL\u00cdTICA DE PRIVACIDAD Y TRATAMIENTO DE DATOS PERSONALES.<\/strong><br \/>\nLa presente pol\u00edtica sobre tratamiento de datos personales ser\u00e1 aplicable a los usuarios de la web\u00a0<a href=\"https:\/\/www.tubatidora.com\" target=\"_blank\" rel=\"noopener noreferrer\">www.tubatidora.com<\/a>, as\u00ed como a todas aquellas personas f\u00edsicas que faciliten sus datos personales a trav\u00e9s de las v\u00edas habilitadas e indicadas para ello. (P\u00e1gina web, correo postal, correo electr\u00f3nico, tel\u00e9fono).<br \/>\n&nbsp;<br \/>\n<strong>CONFIDENCIALIDAD Y MEDIDAS DE SEGURIDAD APLICABLES<\/strong><br \/>\nLos datos personales facilitados ser\u00e1n tratados con absoluta confidencialidad, de manera leal y transparente, comprometi\u00e9ndose GRUPO \u00c1NGEL CAMACHO, S.L., (en adelante, GAC), con domicilio en Avenida del Pilar, 6 41530 \u2013 Mor\u00f3n de la Frontera (Sevilla) e inscrita en el Registro Mercantil de Sevilla, Tomo 4.467 de Sociedades, Folio 29 vto., Hoja N\u00ba SE-11206, Inscripci\u00f3n 38, a guardar secreto, adoptando las medidas necesarias a fin de evitar su alteraci\u00f3n, p\u00e9rdida y tratamiento o acceso no autorizado. Con tal finalidad, GAC, dispone de los m\u00e1s estrictos procedimientos y medidas de seguridad necesarios para proteger los datos de car\u00e1cter personal, habida cuenta del estado de la tecnolog\u00eda, la naturaleza de los datos almacenados y los riesgos a que est\u00e1n expuestos.<br \/>\n&nbsp;<br \/>\n<strong>\u00a0<\/strong><strong>RESPONSABLE DEL TRATAMIENTO<\/strong><br \/>\nEl Responsable del tratamiento de los datos personales del usuario es GRUPO \u00c1NGEL CAMACHO, S.L., (CIF B41254137) con domicilio en Avda. del Pilar, 6, C. Postal 41530, Localidad: Mor\u00f3n de la Frontera, Provincia: Sevilla. Correo electr\u00f3nico: dpo@acamacho.com<br \/>\n&nbsp;<br \/>\n<strong>DELEGADO DE PROTECCI\u00d3N DE DATOS<\/strong><br \/>\n<strong>\u00a0<\/strong>Informamos al interesado que contamos con un Delegado de Protecci\u00f3n de datos, con el cual puede ponerse en contacto para resolver sus dudas relacionadas con el tratamiento de sus datos personales, a trav\u00e9s de la siguiente direcci\u00f3n:\u00a0<a href=\"mailto:dpo@acamacho.com\">dpo@acamacho.com<\/a>.<br \/>\n&nbsp;<\/p>\n<\/ul>\n<p>&nbsp;<\/p>\n<p>Los usuarios que introduzcan datos tanto en la web\u00a0<a href=\"https:\/\/www.tubatidora.com\" target=\"_blank\" rel=\"noopener noreferrer\">www.tubatidora.com<\/a>, como en las v\u00edas mencionadas en esta Pol\u00edtica de Privacidad se comprometen a facilitar informaci\u00f3n correcta, veraz y actualizada sobre su situaci\u00f3n. La negativa a suministrar los datos personales requeridos, en los casos en los que se indique como obligatoria, implicar\u00e1 la imposibilidad de facilitar la informaci\u00f3n solicitada o prestar el servicio requerido. As\u00ed mismo, cuando el usuario facilite datos de terceros (fotograf\u00edas en concursos, etc.,) el usuario deber\u00e1 informar previamente al interesado de los t\u00e9rminos aqu\u00ed expuestos.<br \/>\n&nbsp;<\/p>\n<table style=\"font-size: 16px; width: 100%;\" width=\"605\">\n<tbody>\n<tr>\n<td width=\"95\"><strong>BASE DE LEGITIMACION<\/strong><\/td>\n<td width=\"113\"><strong>FINALIDAD<\/strong><\/td>\n<td width=\"180\"><strong>DESCRIPCION<\/strong><\/td>\n<td width=\"217\"><strong>PLAZO DE CONSERVACION<\/strong><\/td>\n<\/tr>\n<tr>\n<td rowspan=\"3\" width=\"95\"><strong>CONSENTIMIENTO DEL INTERESADO<\/strong><\/td>\n<td width=\"113\"><strong>Selecci\u00f3n de candidatos<\/strong><\/td>\n<td width=\"180\">Los curr\u00edculos recibidos y los datos\u00a0\u00a0 personales\u00a0\u00a0 que\u00a0\u00a0 estos\u00a0\u00a0 contienen, ser\u00e1n\u00a0\u00a0 tratados\u00a0 con\u00a0\u00a0 la\u00a0 finalidad de proveer puestos vacantes dentro de la organizaci\u00f3n (selecci\u00f3n, evaluaci\u00f3n y contacto con el candidato).<\/td>\n<td width=\"217\">Los\u00a0\u00a0 datos\u00a0\u00a0 personales proporcionados se conservar\u00e1n durante el plazo de un a\u00f1o desde su incorporaci\u00f3n a la base de datos.<\/td>\n<\/tr>\n<tr>\n<td width=\"113\"><strong>Comunicaciones comerciales (*)<\/strong><\/td>\n<td width=\"180\">Los datos personales recabados del usuario podr\u00e1n ser tratados con la finalidad de enviarle comunicaciones comerciales con noticias, ofertas y promociones de los productos de LA VIEJA F\u00c1BRICA, siempre que nos haya facilitado su consentimiento a trav\u00e9s de las v\u00edas habilitadas a tal fin.<\/td>\n<td width=\"217\">Los datos facilitados ser\u00e1n conservados para esta finalidad, en tanto no se solicite la baja del servicio de comunicaciones comerciales.<\/td>\n<\/tr>\n<tr>\n<td width=\"113\"><strong>Sorteos y promociones<\/strong><\/p>\n<p><strong>\u00a0<\/strong><\/td>\n<td width=\"180\">Los datos facilitados se destinar\u00e1n a la gesti\u00f3n de sorteos y promociones, incluida la publicaci\u00f3n de la identidad del ganador en redes sociales y medios de difusi\u00f3n de GRUPO \u00c1NGEL CAMACHO, S.L., siempre que nos haya prestado su consentimiento expreso a trav\u00e9s de las v\u00edas habilitadas para ello.<\/td>\n<td width=\"217\">Los datos facilitados ser\u00e1n conservados durante la vigencia del tratamiento y, en tanto que no se revoque el consentimiento prestado.<\/td>\n<\/tr>\n<tr>\n<td rowspan=\"2\" width=\"95\"><strong>RELACION CONTRACTUAL<\/strong><\/td>\n<td width=\"113\"><strong>Ejecuci\u00f3n de contratos y facturaci\u00f3n<\/strong><\/td>\n<td width=\"180\">Los datos relativos a la contrataci\u00f3n con proveedores y clientes ser\u00e1n tratados con la finalidad de gestionar el alta de los mismos y ejecutar el contrato, lo que incluye entre otras actividades, la facturaci\u00f3n, y las obligaciones legales exigibles a ambas partes.<\/td>\n<td width=\"217\">Los datos ser\u00e1n conservados en tanto sean necesarios para satisfacer las obligaciones asumidas y, en todo caso durante el plazo de prescripci\u00f3n para el ejercicio de acciones legalmente previsto.<\/td>\n<\/tr>\n<tr>\n<td width=\"113\"><strong>Gesti\u00f3n de pedidos tienda online<\/strong><\/td>\n<td width=\"180\">En el supuesto en el que el usuario realice una compra en la tienda online, sus datos ser\u00e1n tratados exclusivamente con la finalidad gestionar sus pedidos, entregar los productos seleccionados y atender cualquier reclamaci\u00f3n o devoluci\u00f3n. Del mismo modo, en el caso de registrarse en la tienda online, se usaran sus datos para administar su cuenta, y, de ese modo, que usted pueda gestionar sus compras y configuraci\u00f3n personal.<\/td>\n<td width=\"217\">El plazo de conservaci\u00f3n de estos datos, ser\u00e1n el imprescindible para prestar el servicio solicitado, conforme a la normativa vigente en cada caso.<\/td>\n<\/tr>\n<tr>\n<td width=\"95\"><strong>OBLIGACION LEGAL<\/strong><\/td>\n<td width=\"113\"><strong>Canal de denuncias<\/strong><\/td>\n<td width=\"180\">Los datos facilitados por los empleados a trav\u00e9s de los cauces habilitados, los cuales se indican en el C\u00f3digo \u00c9tico de GRUPO \u00c1NGEL CAMACHO, S.L. , ser\u00e1n tratados para recibir, analizar y gestionar las denuncias internas relacionadas con infracciones de la normativa interna y el C\u00f3digo Penal.<\/td>\n<td width=\"217\">Los datos personales los empleados se conservar\u00e1n en el sistema de denuncias \u00fanicamente durante el tiempo imprescindible para decdidir sobre la procedencia de inciar una investigacion sobre los hechos denunciados.<\/td>\n<\/tr>\n<tr>\n<td rowspan=\"2\" width=\"95\"><strong>INTERES LEGITIMO<\/strong><\/td>\n<td width=\"113\"><strong>Solicitudes, contacto y reclamaciones<\/strong><\/td>\n<td width=\"180\">Los datos personales facilitados por los usuarios ser\u00e1n tratados con la finalidad de atender sus solicitudes de informaci\u00f3n, consultas y reclamaciones de manera adecuada y personalizada. Dicho tratamiento, incluye la grabaci\u00f3n de voz del usuario cuando la v\u00eda de contacto sea a trav\u00e9s del servicio de asistencia telef\u00f3nica de GRUPO \u00c1NGEL CAMACHO, S.L.<\/td>\n<td width=\"217\">Conforme al plazo legalmente previsto para cada caso, en funci\u00f3n del objeto de la consulta\/reclamaci\u00f3n.<\/td>\n<\/tr>\n<tr>\n<td width=\"113\"><strong>\u00a0<\/strong><\/p>\n<p><strong>Videovigilancia y registro de visitas para velar por su seguridad y la de las instalaciones<\/strong><\/td>\n<td width=\"180\">Los datos personales ser\u00e1n tratados con la finalidad de controlar el acceso y mantener la seguridad de las instalaciones, personas y bienes que se encuentren en el edificio<\/td>\n<td width=\"217\">Las im\u00e1genes captadas por los sistemas de video vigilancia, as\u00ed como los datos\u00a0 recabados para el control de visitas,\u00a0 ser\u00e1n canceladas en el plazo m\u00e1ximo de un mes desde su captaci\u00f3n.<\/td>\n<\/tr>\n<\/tbody>\n<\/table>\n<p>&nbsp;<\/p>\n<p><strong>CESI\u00d3N, COMUNICACI\u00d3N A TERCEROS Y TRANSFERENCIAS INTERNACIONALES DE DATOS<\/strong><br \/>\n<strong>\u00a0<\/strong>Los datos facilitados no ser\u00e1n comunicados o cedidos a terceros, salvo autorizaci\u00f3n expresa del o a requerimiento de las Administraciones P\u00fablicas pertinentes, Fuerzas y Cuerpos de Seguridad del Estado en virtud de las obligaciones legales exigibles al Responsable del tratamiento.<\/p>\n<p>Asimismo, le informamos que sus datos de contacto podr\u00e1n ser objeto de transferencia internacional de datos a pa\u00edses ubicados fuera de la Uni\u00f3n Europea con la finalidad de ofrecer un adecuado servicio en relaci\u00f3n al env\u00edo de Newsletter corporativo y la gesti\u00f3n y control de la participaci\u00f3n de los usuarios en concursos y sorteos realizados a trav\u00e9s de redes sociales, sin perjuicio del cumplimiento de los requisitos exigidos por la normativa de protecci\u00f3n de datos en relaci\u00f3n a las transferencias internacionales de datos.<br \/>\n&nbsp;<br \/>\n<strong>COMUNICACIONES COMERCIALES ELECTR\u00d3NICAS (*)<\/strong><br \/>\n<strong>\u00a0<\/strong>El caso de que el usuario haya efectuado la compra de un producto de LA VIEJA F\u00c1BRICA , y por lo tanto, haya formalizado un contrato de compraventa con el Responsable, GRUPO \u00c1NGEL CAMACHO, S.L., podr\u00e1 remitirle comunicaciones comerciales electr\u00f3nicas v\u00eda email, referentes a productos o servicios similares, sobre la base de la relaci\u00f3n contractual previa y, de conformidad con lo indicado en el art\u00edculo 21 de la 34\/2002 de 11 de julio, de Servicios de la Sociedad de la Informaci\u00f3n y de Comercio Electr\u00f3nico.<\/p>\n<p>En cualquier momento, el usuario podr\u00e1 oponerse a este tratamiento o solicitar la baja del env\u00edo de comunicaciones comerciales electr\u00f3nicas, en cada una de las comunicaciones remitidas, conforme las instrucciones indicadas en cada env\u00edo o bien, conforme se indica en el apartado siguiente.<br \/>\n&nbsp;<br \/>\n<strong>DERECHOS DE LOS INTERESADOS<\/strong><br \/>\n<strong>\u00a0<\/strong>De acuerdo con la normativa vigente en Protecci\u00f3n de Datos, el interesado podr\u00e1\u00a0 revocar el consentimiento prestado en cualquier momento, as\u00ed como ejercer sus derechos de acceso, rectificaci\u00f3n, limitaci\u00f3n del tratamiento, supresi\u00f3n, portabilidad, derecho a no ser objeto de decisiones automatizadas y oposici\u00f3n dirigi\u00e9ndose por escrito y acompa\u00f1ando copia de un documento de identidad v\u00e1lido (como DNI, pasaporte o NIE), a la siguiente direcci\u00f3n: avda. del Pilar 6, 41530, Mor\u00f3n de la Frontera, Sevilla o a trav\u00e9s de correo electr\u00f3nico\u00a0<a href=\"mailto:dpo@acamacho.com\">dpo@acamacho.com<\/a>. Todo ello sin perjuicio del derecho de interesado a acudir ante la Agencia Espa\u00f1ola de Protecci\u00f3n de Datos (<a href=\"https:\/\/www.aepd.es\/\" target=\"_blank\" rel=\"noopener\">www.aepd.es<\/a>)<br \/>\n&nbsp;<br \/>\n<a href=\"https:\/\/tubatidora.com\/\">Volver<\/a><\/p>\n<\/div>\n","protected":false},"excerpt":{"rendered":"<p>&nbsp; Pol\u00edtica de privacidad ALCANCE DE LA POL\u00cdTICA DE PRIVACIDAD Y TRATAMIENTO DE DATOS PERSONALES. La presente pol\u00edtica sobre tratamiento de datos personales ser\u00e1 aplicable a los usuarios de la web\u00a0www.tubatidora.com, as\u00ed como a todas aquellas personas f\u00edsicas que faciliten sus datos personales a trav\u00e9s de las v\u00edas habilitadas e indicadas para ello. (P\u00e1gina web, [&hellip;]<\/p>\n","protected":false},"author":4,"featured_media":0,"parent":0,"menu_order":0,"comment_status":"closed","ping_status":"closed","template":"","meta":{"_acf_changed":false,"inline_featured_image":false,"footnotes":""},"class_list":["post-126","page","type-page","status-publish","hentry"],"acf":[],"_links":{"self":[{"href":"https:\/\/tubatidora.com\/index.php\/wp-json\/wp\/v2\/pages\/126","targetHints":{"allow":["GET"]}}],"collection":[{"href":"https:\/\/tubatidora.com\/index.php\/wp-json\/wp\/v2\/pages"}],"about":[{"href":"https:\/\/tubatidora.com\/index.php\/wp-json\/wp\/v2\/types\/page"}],"author":[{"embeddable":true,"href":"https:\/\/tubatidora.com\/index.php\/wp-json\/wp\/v2\/users\/4"}],"replies":[{"embeddable":true,"href":"https:\/\/tubatidora.com\/index.php\/wp-json\/wp\/v2\/comments?post=126"}],"version-history":[{"count":26,"href":"https:\/\/tubatidora.com\/index.php\/wp-json\/wp\/v2\/pages\/126\/revisions"}],"predecessor-version":[{"id":183,"href":"https:\/\/tubatidora.com\/index.php\/wp-json\/wp\/v2\/pages\/126\/revisions\/183"}],"wp:attachment":[{"href":"https:\/\/tubatidora.com\/index.php\/wp-json\/wp\/v2\/media?parent=126"}],"curies":[{"name":"wp","href":"https:\/\/api.w.org\/{rel}","templated":true}]}}