

{"id":114,"date":"2025-05-13T11:09:43","date_gmt":"2025-05-13T11:09:43","guid":{"rendered":"https:\/\/tubatidora.com\/?page_id=114"},"modified":"2025-05-14T08:18:18","modified_gmt":"2025-05-14T08:18:18","slug":"aviso-legal","status":"publish","type":"page","link":"https:\/\/tubatidora.com\/index.php\/aviso-legal\/","title":{"rendered":"Aviso legal"},"content":{"rendered":"<div id=\"contenido\" style=\"color: white; max-width: 1000px; margin: 0 auto; padding: 90px 20px;\">\n<p>Grupo \u00c1ngel Camacho, S.L. (en adelante GAC), con CIF: B41254137 y domicilio en Avenida del Pilar 6, 41530 Mor\u00f3n de la Frontera, Sevilla, e inscrita en el Registro Mercantil de Sevilla al tomo 4.467 de Sociedades, Folio 29 vto., Hoja N\u00ba SE-11206, Inscripci\u00f3n 38\u00aa, es propietaria de la marca La Vieja F\u00e1brica.<br \/>\n&nbsp;<br \/>\n<strong>1.- Aviso de Copyright \u00a9 2018 Grupo \u00c1ngel Camacho<\/strong>. Todos los Derechos Reservados. Est\u00e1 estrictamente prohibido el uso comercial de las im\u00e1genes, texto, documentos o cualquier otro material perteneciente al sitio web \/ Portal\u00a0<a href=\"http:\/\/www.tubatidora.com\">www.tubatidora.com<\/a>\u00a0salvo autorizaci\u00f3n por escrito de GAC.<br \/>\n&nbsp;<br \/>\n<strong>2.- Marcas registradas<\/strong>: Los nombres, logotipos y t\u00edtulos usados en este sitio web\u00a0<a href=\"http:\/\/www.angelcamacho.com\/\">www.tubatidora.com\u00a0<\/a>son propiedad de GAC.<br \/>\n&nbsp;<br \/>\n<strong>3.- Autorizaci\u00f3n de Uso<\/strong>: La informaci\u00f3n, im\u00e1genes, textos, documentos y cualquier otro contenido ubicado en\u00a0<a href=\"http:\/\/www.tubatidora.com\">www.tubatidora.com<\/a> podr\u00e1 ser consultada \u00fanicamente con fines informativos por cualquier visitante de nuestro sitio web. GAC se reserva el derecho de restringir el acceso a su red o a sus contenidos y podr\u00e1 modificar los t\u00e9rminos y condiciones de uso del sitio web\u00a0<a href=\"http:\/\/www.tubatidora.com\">www.tubatidora.com<\/a> en cualquier momento y sin previo aviso. Los navegantes\/visitantes del sitio web\u00a0<a href=\"http:\/\/www.tubatidora.com\">www.tubatidora.com<\/a> son responsables de revisar los contenidos de este Aviso Legal para determinar los t\u00e9rminos y condiciones de uso de nuestro Portal.<br \/>\n&nbsp;<br \/>\n<strong>4.- Propiedad Intelectual de Terceros<\/strong>: Todo aquel individuo (visitante o no de nuestro sitio web) que considere que sus derechos de propiedad intelectual han sido infringidos por el uso no autorizado de sus trabajos protegidos y que aparezcan publicados en\u00a0<a href=\"http:\/\/www.tubatidora.com\">www.tubatidora.com<\/a> pueden ponerse en contacto con nuestra empresa GAC y solicitar que el contenido sea retirado. En caso de acreditarlo convenientemente, su petici\u00f3n ser\u00e1 atendida de inmediato.<br \/>\n&nbsp;<br \/>\n<strong>5.- Enlaces \/ Hiperv\u00ednculos<\/strong>: Los enlaces, links o hiperv\u00ednculos que aparecen en el sitio web de\u00a0<a href=\"http:\/\/www.tubatidora.com\">www.tubatidora.com<\/a>\u00a0permiten al usuario acceder a redes y\/o webs de terceros para darle m\u00e1s informaci\u00f3n a nuestros visitantes. Realizar estos enlaces y ponerlos a disposici\u00f3n del visitante de\u00a0<a href=\"http:\/\/www.tubatidora.com\">www.tubatidora.com<\/a>\u00a0no significa de ning\u00fan modo una aprobaci\u00f3n o recomendaci\u00f3n de estos sitios o del material encontrado all\u00ed. GAC ni controla, ni puede ser responsable por el contenido que aparece en estos sitios. Bajo ninguna circunstancia GAC ser\u00e1 responsable por cualquier da\u00f1o sufrido por el usuario por el acceso o uso de tales sitios o los contenidos de los mismos.<br \/>\n&nbsp;<br \/>\n<strong>6.- Pol\u00edtica anti-spamming:\u00a0<\/strong>GAC es contrario a la pr\u00e1ctica del SPAM (env\u00edo masivo y continuado al correo electr\u00f3nico de mensajes publicitarios, normalmente comerciales, dirigidos a una pluralidad de personas y no solicitados). En este sentido, los usuarios o terceros perjudicados por la recepci\u00f3n de SPAM publicitario para cuyo env\u00edo no hayan otorgado consentimiento previo, podr\u00e1n ponerse en contacto con GAC, dirigiendo a la direcci\u00f3n indicada anteriormente o bien al email:\u00a0<a href=\"mailto:dpo@acamacho.com\">dpo@acamacho.com<\/a>, para evitar que esta situaci\u00f3n pudiera repetirse en el futuro.<br \/>\n&nbsp;<br \/>\n<strong>7.- Jurisdicci\u00f3n y ley aplicable<\/strong>\u00a0La legislaci\u00f3n aplicable al contenido de este Sitio Web ser\u00e1 la espa\u00f1ola y la jurisdicci\u00f3n a la que se somete GAC como titular de esta p\u00e1gina para la resoluci\u00f3n de cualquier conflicto o cuesti\u00f3n litigiosa que pudiera derivarse de su relaci\u00f3n con el usuario, es la de los Juzgados y Tribunales competentes de Sevilla, Espa\u00f1a.\u00a0<strong>Plataforma de resoluci\u00f3n de conflictos\/reclamaciones<\/strong>\u00a0La Comisi\u00f3n Europea pone a su disposici\u00f3n una plataforma de resoluci\u00f3n de conflictos en l\u00ednea de la compraventa de bienes o servicios a trav\u00e9s de comercio electr\u00f3nico.<br \/>\n&nbsp;<br \/>\n<strong>Grupo \u00c1ngel Camacho, S.L. 2025 Todos los derechos reservados<\/strong>\u00a0<strong>Tel\u00e9fono 955854700\u2013 email:\u00a0<a href=\"mailto:dpo@acamacho.com\">dpo@acamacho.com<\/a><\/strong>\u00a0<strong>Avenida del Pilar 6, 41530 Mor\u00f3n de la Frontera, Sevilla (Espa\u00f1a)<\/strong>\u00a0<strong>CIF: B41254137<\/strong><\/p>\n<p>&nbsp;<\/p>\n<p><a href=\"https:\/\/tubatidora.com\/\">Volver<\/a><\/p>\n<\/div>\n","protected":false},"excerpt":{"rendered":"<p>Grupo \u00c1ngel Camacho, S.L. (en adelante GAC), con CIF: B41254137 y domicilio en Avenida del Pilar 6, 41530 Mor\u00f3n de la Frontera, Sevilla, e inscrita en el Registro Mercantil de Sevilla al tomo 4.467 de Sociedades, Folio 29 vto., Hoja N\u00ba SE-11206, Inscripci\u00f3n 38\u00aa, es propietaria de la marca La Vieja F\u00e1brica. &nbsp; 1.- Aviso [&hellip;]<\/p>\n","protected":false},"author":4,"featured_media":0,"parent":0,"menu_order":0,"comment_status":"closed","ping_status":"closed","template":"","meta":{"_acf_changed":false,"inline_featured_image":false,"footnotes":""},"class_list":["post-114","page","type-page","status-publish","hentry"],"acf":[],"_links":{"self":[{"href":"https:\/\/tubatidora.com\/index.php\/wp-json\/wp\/v2\/pages\/114","targetHints":{"allow":["GET"]}}],"collection":[{"href":"https:\/\/tubatidora.com\/index.php\/wp-json\/wp\/v2\/pages"}],"about":[{"href":"https:\/\/tubatidora.com\/index.php\/wp-json\/wp\/v2\/types\/page"}],"author":[{"embeddable":true,"href":"https:\/\/tubatidora.com\/index.php\/wp-json\/wp\/v2\/users\/4"}],"replies":[{"embeddable":true,"href":"https:\/\/tubatidora.com\/index.php\/wp-json\/wp\/v2\/comments?post=114"}],"version-history":[{"count":20,"href":"https:\/\/tubatidora.com\/index.php\/wp-json\/wp\/v2\/pages\/114\/revisions"}],"predecessor-version":[{"id":184,"href":"https:\/\/tubatidora.com\/index.php\/wp-json\/wp\/v2\/pages\/114\/revisions\/184"}],"wp:attachment":[{"href":"https:\/\/tubatidora.com\/index.php\/wp-json\/wp\/v2\/media?parent=114"}],"curies":[{"name":"wp","href":"https:\/\/api.w.org\/{rel}","templated":true}]}}